{"id":4373,"date":"2013-08-07T07:39:04","date_gmt":"2013-08-07T07:39:04","guid":{"rendered":"http:\/\/tourguide.toorich.co.uk\/?page_id=4373&#038;lang=es"},"modified":"2017-04-02T23:37:27","modified_gmt":"2017-04-02T23:37:27","slug":"laspina-guiding-services","status":"publish","type":"page","link":"https:\/\/vivaescocia.com\/es\/","title":{"rendered":"Viva Escocia"},"content":{"rendered":"","protected":false},"excerpt":{"rendered":"","protected":false},"author":1,"featured_media":0,"parent":0,"menu_order":0,"comment_status":"closed","ping_status":"closed","template":"","meta":{"footnotes":""},"class_list":["post-4373","page","type-page","status-publish","hentry"],"yoast_head":"<!-- This site is optimized with the Yoast SEO plugin v24.0 - https:\/\/yoast.com\/wordpress\/plugins\/seo\/ -->\n<title>Viva Escocia - Tours a Medida en Escocia en Espa\u00f1ol y Ingl\u00e9s<\/title>\n<meta name=\"description\" content=\"Descubra Escocia con gu\u00edas profesionales de espa\u00f1ol e ingl\u00e9s.\" \/>\n<meta name=\"robots\" content=\"index, follow, max-snippet:-1, max-image-preview:large, max-video-preview:-1\" \/>\n<link rel=\"canonical\" href=\"https:\/\/vivaescocia.com\/es\/\" \/>\n<meta property=\"og:locale\" content=\"es_ES\" \/>\n<meta property=\"og:type\" content=\"article\" \/>\n<meta property=\"og:title\" content=\"Viva Escocia - Tours a Medida en Escocia en Espa\u00f1ol y Ingl\u00e9s\" \/>\n<meta property=\"og:description\" content=\"Descubra Escocia con gu\u00edas profesionales de espa\u00f1ol e ingl\u00e9s.\" \/>\n<meta property=\"og:url\" content=\"https:\/\/vivaescocia.com\/es\/\" \/>\n<meta property=\"og:site_name\" content=\"Viva Escocia - Tours A Medida\" \/>\n<meta property=\"article:modified_time\" content=\"2017-04-02T23:37:27+00:00\" \/>\n<meta name=\"twitter:card\" content=\"summary_large_image\" \/>\n<script type=\"application\/ld+json\" class=\"yoast-schema-graph\">{\"@context\":\"https:\/\/schema.org\",\"@graph\":[{\"@type\":\"WebPage\",\"@id\":\"https:\/\/vivaescocia.com\/es\/\",\"url\":\"https:\/\/vivaescocia.com\/es\/\",\"name\":\"Viva Escocia - Tours a Medida en Escocia en Espa\u00f1ol y Ingl\u00e9s\",\"isPartOf\":{\"@id\":\"https:\/\/vivaescocia.com\/#website\"},\"datePublished\":\"2013-08-07T07:39:04+00:00\",\"dateModified\":\"2017-04-02T23:37:27+00:00\",\"description\":\"Descubra Escocia con gu\u00edas profesionales de espa\u00f1ol e ingl\u00e9s.\",\"breadcrumb\":{\"@id\":\"https:\/\/vivaescocia.com\/es\/#breadcrumb\"},\"inLanguage\":\"es\",\"potentialAction\":[{\"@type\":\"ReadAction\",\"target\":[\"https:\/\/vivaescocia.com\/es\/\"]}]},{\"@type\":\"BreadcrumbList\",\"@id\":\"https:\/\/vivaescocia.com\/es\/#breadcrumb\",\"itemListElement\":[{\"@type\":\"ListItem\",\"position\":1,\"name\":\"Home\",\"item\":\"https:\/\/vivaescocia.com\/es\/\"},{\"@type\":\"ListItem\",\"position\":2,\"name\":\"Viva Escocia\"}]},{\"@type\":\"WebSite\",\"@id\":\"https:\/\/vivaescocia.com\/#website\",\"url\":\"https:\/\/vivaescocia.com\/\",\"name\":\"Viva Escocia - Tours A Medida\",\"description\":\"\",\"potentialAction\":[{\"@type\":\"SearchAction\",\"target\":{\"@type\":\"EntryPoint\",\"urlTemplate\":\"https:\/\/vivaescocia.com\/?s={search_term_string}\"},\"query-input\":{\"@type\":\"PropertyValueSpecification\",\"valueRequired\":true,\"valueName\":\"search_term_string\"}}],\"inLanguage\":\"es\"}]}<\/script>\n<!-- \/ Yoast SEO plugin. -->","yoast_head_json":{"title":"Viva Escocia - Tours a Medida en Escocia en Espa\u00f1ol y Ingl\u00e9s","description":"Descubra Escocia con gu\u00edas profesionales de espa\u00f1ol e ingl\u00e9s.","robots":{"index":"index","follow":"follow","max-snippet":"max-snippet:-1","max-image-preview":"max-image-preview:large","max-video-preview":"max-video-preview:-1"},"canonical":"https:\/\/vivaescocia.com\/es\/","og_locale":"es_ES","og_type":"article","og_title":"Viva Escocia - Tours a Medida en Escocia en Espa\u00f1ol y Ingl\u00e9s","og_description":"Descubra Escocia con gu\u00edas profesionales de espa\u00f1ol e ingl\u00e9s.","og_url":"https:\/\/vivaescocia.com\/es\/","og_site_name":"Viva Escocia - Tours A Medida","article_modified_time":"2017-04-02T23:37:27+00:00","twitter_card":"summary_large_image","schema":{"@context":"https:\/\/schema.org","@graph":[{"@type":"WebPage","@id":"https:\/\/vivaescocia.com\/es\/","url":"https:\/\/vivaescocia.com\/es\/","name":"Viva Escocia - Tours a Medida en Escocia en Espa\u00f1ol y Ingl\u00e9s","isPartOf":{"@id":"https:\/\/vivaescocia.com\/#website"},"datePublished":"2013-08-07T07:39:04+00:00","dateModified":"2017-04-02T23:37:27+00:00","description":"Descubra Escocia con gu\u00edas profesionales de espa\u00f1ol e ingl\u00e9s.","breadcrumb":{"@id":"https:\/\/vivaescocia.com\/es\/#breadcrumb"},"inLanguage":"es","potentialAction":[{"@type":"ReadAction","target":["https:\/\/vivaescocia.com\/es\/"]}]},{"@type":"BreadcrumbList","@id":"https:\/\/vivaescocia.com\/es\/#breadcrumb","itemListElement":[{"@type":"ListItem","position":1,"name":"Home","item":"https:\/\/vivaescocia.com\/es\/"},{"@type":"ListItem","position":2,"name":"Viva Escocia"}]},{"@type":"WebSite","@id":"https:\/\/vivaescocia.com\/#website","url":"https:\/\/vivaescocia.com\/","name":"Viva Escocia - Tours A Medida","description":"","potentialAction":[{"@type":"SearchAction","target":{"@type":"EntryPoint","urlTemplate":"https:\/\/vivaescocia.com\/?s={search_term_string}"},"query-input":{"@type":"PropertyValueSpecification","valueRequired":true,"valueName":"search_term_string"}}],"inLanguage":"es"}]}},"_links":{"self":[{"href":"https:\/\/vivaescocia.com\/es\/wp-json\/wp\/v2\/pages\/4373","targetHints":{"allow":["GET"]}}],"collection":[{"href":"https:\/\/vivaescocia.com\/es\/wp-json\/wp\/v2\/pages"}],"about":[{"href":"https:\/\/vivaescocia.com\/es\/wp-json\/wp\/v2\/types\/page"}],"author":[{"embeddable":true,"href":"https:\/\/vivaescocia.com\/es\/wp-json\/wp\/v2\/users\/1"}],"replies":[{"embeddable":true,"href":"https:\/\/vivaescocia.com\/es\/wp-json\/wp\/v2\/comments?post=4373"}],"version-history":[{"count":16,"href":"https:\/\/vivaescocia.com\/es\/wp-json\/wp\/v2\/pages\/4373\/revisions"}],"predecessor-version":[{"id":5866,"href":"https:\/\/vivaescocia.com\/es\/wp-json\/wp\/v2\/pages\/4373\/revisions\/5866"}],"wp:attachment":[{"href":"https:\/\/vivaescocia.com\/es\/wp-json\/wp\/v2\/media?parent=4373"}],"curies":[{"name":"wp","href":"https:\/\/api.w.org\/{rel}","templated":true}]}}