{"id":4870,"date":"2015-04-14T01:17:32","date_gmt":"2015-04-14T01:17:32","guid":{"rendered":"http:\/\/vivaescocia.com\/es\/?page_id=4870"},"modified":"2017-04-04T19:55:42","modified_gmt":"2017-04-04T19:55:42","slug":"servicios","status":"publish","type":"page","link":"https:\/\/vivaescocia.com\/es\/servicios\/","title":{"rendered":"Servicios"},"content":{"rendered":"<p class=\"code-list\"><a href=\"http:\/\/vivaescocia.com\/contact\/\" target=\"_self\" class=\" magee-shortcode magee-btn-normal button-vr9cyw btn-square btn-md\" id=\"\"><i class=\"fa fa-hand-o-right \"><\/i>  <strong>Cont\u00e1ctenos para reservar<\/strong><\/a><\/p>\n<p><span class=\"text\">\u00a0<\/span><\/p>\n<p><strong><img loading=\"lazy\" decoding=\"async\" class=\"wp-image-4994 alignleft\" src=\"http:\/\/vivaescocia.com\/wp-content\/uploads\/2015\/04\/bespoke-tours.jpg\" alt=\"viva escocia bespoke tours\" width=\"150\" height=\"150\" srcset=\"https:\/\/vivaescocia.com\/wp-content\/uploads\/2015\/04\/bespoke-tours.jpg 400w, https:\/\/vivaescocia.com\/wp-content\/uploads\/2015\/04\/bespoke-tours-150x150.jpg 150w, https:\/\/vivaescocia.com\/wp-content\/uploads\/2015\/04\/bespoke-tours-300x300.jpg 300w\" sizes=\"auto, (max-width: 150px) 100vw, 150px\" \/><\/strong><\/p>\n<p><strong>Excursiones a Medida<\/strong><\/p>\n<p>Excursiones personalizadas exclusivamente para usted. Con nuestra experiencia y nuestros conocimientos podemos hacer que su visita a Escocia sea \u00fanica. Nuestros tours ser\u00e1n creativos y espec\u00edficos para usted y sus necesidades. Simplemente dinos lo que quieres ver o lograr durante tu estancia y te ayudaremos a realizar tu sue\u00f1o escoc\u00e9s.<\/p>\n<p>&nbsp;<\/p>\n<p>&nbsp;<\/p>\n<p>&nbsp;<\/p>\n<p><strong><img loading=\"lazy\" decoding=\"async\" class=\"wp-image-4997 alignleft\" src=\"http:\/\/vivaescocia.com\/wp-content\/uploads\/2015\/04\/walking-tours.jpg\" alt=\"walking tours\" width=\"150\" height=\"150\" srcset=\"https:\/\/vivaescocia.com\/wp-content\/uploads\/2015\/04\/walking-tours.jpg 400w, https:\/\/vivaescocia.com\/wp-content\/uploads\/2015\/04\/walking-tours-150x150.jpg 150w, https:\/\/vivaescocia.com\/wp-content\/uploads\/2015\/04\/walking-tours-300x300.jpg 300w\" sizes=\"auto, (max-width: 150px) 100vw, 150px\" \/><\/strong><\/p>\n<p><strong>Caminatas<\/strong><\/p>\n<p>T\u00f3mese el tiempo para ver nuestras ciudades y pueblos a un ritmo m\u00e1s lento. Hacemos recorridos a pie para disfrutar de las vistas en el ocio. Tal vez quiera visitar un solo lugar, un solo sitio &#8211; tambi\u00e9n podemos acompa\u00f1arle e interpretarlo para usted.<\/p>\n<p>&nbsp;<\/p>\n<p>&nbsp;<\/p>\n<p>&nbsp;<\/p>\n<p><strong><img loading=\"lazy\" decoding=\"async\" class=\"wp-image-5003 alignleft\" src=\"http:\/\/vivaescocia.com\/wp-content\/uploads\/2015\/04\/coach-tours-2.jpg\" alt=\"coach tours\" width=\"150\" height=\"150\" srcset=\"https:\/\/vivaescocia.com\/wp-content\/uploads\/2015\/04\/coach-tours-2.jpg 450w, https:\/\/vivaescocia.com\/wp-content\/uploads\/2015\/04\/coach-tours-2-150x150.jpg 150w, https:\/\/vivaescocia.com\/wp-content\/uploads\/2015\/04\/coach-tours-2-300x300.jpg 300w\" sizes=\"auto, (max-width: 150px) 100vw, 150px\" \/><\/strong><strong>Excursiones en Autob\u00fas<\/strong><\/p>\n<p>Excursi\u00f3n en autocar para grupos grandes, para visitas en el mismo d\u00eda, o durante varios d\u00edas en diferentes zonas, visitando lugares m\u00e1s lejanos. Estos podr\u00edan incluir grupos escolares, coros, equipos deportivos, grupos de incentivos, conferencias, grupos de bodas, grupos de teatro, equipos de cine, grupos de cruceros\u2026 todos ellos atendidos por nuestros experimentados gu\u00edas.<\/p>\n<p>&nbsp;<\/p>\n<p>&nbsp;<\/p>\n<p>&nbsp;<\/p>\n<p><strong><img loading=\"lazy\" decoding=\"async\" class=\" wp-image-4998 alignleft\" src=\"http:\/\/vivaescocia.com\/wp-content\/uploads\/2015\/04\/driver-guided-tours.jpg\" alt=\"driver guided tours\" width=\"150\" height=\"150\" srcset=\"https:\/\/vivaescocia.com\/wp-content\/uploads\/2015\/04\/driver-guided-tours.jpg 400w, https:\/\/vivaescocia.com\/wp-content\/uploads\/2015\/04\/driver-guided-tours-150x150.jpg 150w, https:\/\/vivaescocia.com\/wp-content\/uploads\/2015\/04\/driver-guided-tours-300x300.jpg 300w\" sizes=\"auto, (max-width: 150px) 100vw, 150px\" \/><span class=\"st\">Condugu\u00eda<\/span><\/strong><\/p>\n<p>De monta\u00f1as al whisky, desde Shetland a Dumfries, desde campos de golf a Nessie; cual fuera su hobby, inter\u00e9s, o paisaje que usted busque en Escocia o el Reino Unido, estaremos contentos de hacerlo realidad.<\/p>\n<p>Con vehiculo de lujo exclusivo podemos hacer sus vacaciones a medida.<\/p>\n<p>&nbsp;<\/p>\n<p>&nbsp;<\/p>\n<p>&nbsp;<\/p>\n<p><strong><img loading=\"lazy\" decoding=\"async\" class=\"wp-image-5006 alignleft\" src=\"http:\/\/vivaescocia.com\/wp-content\/uploads\/2015\/04\/interpreting.jpg\" alt=\"interpreting\" width=\"150\" height=\"150\" srcset=\"https:\/\/vivaescocia.com\/wp-content\/uploads\/2015\/04\/interpreting.jpg 400w, https:\/\/vivaescocia.com\/wp-content\/uploads\/2015\/04\/interpreting-150x150.jpg 150w, https:\/\/vivaescocia.com\/wp-content\/uploads\/2015\/04\/interpreting-300x300.jpg 300w\" sizes=\"auto, (max-width: 150px) 100vw, 150px\" \/>Interpretaci\u00f3n<\/strong><\/p>\n<p>M\u00e1s all\u00e1 de la interpretaci\u00f3n del patrimonio cultural y natural de Escocia, estamos encantados de guiar a su grupo en cualquier idioma con int\u00e9rpretes. Podemos guiar y explicar en ingl\u00e9s o espa\u00f1ol, y su int\u00e9rprete puede traducirlo al idioma elegido.<\/p>\n<p>&nbsp;<\/p>\n<p>&nbsp;<\/p>\n<p>&nbsp;<\/p>\n<p><strong><img loading=\"lazy\" decoding=\"async\" class=\"wp-image-5012 alignleft\" src=\"http:\/\/vivaescocia.com\/wp-content\/uploads\/2015\/04\/airport-transfers.jpg\" alt=\"airport transfers\" width=\"150\" height=\"150\" srcset=\"https:\/\/vivaescocia.com\/wp-content\/uploads\/2015\/04\/airport-transfers.jpg 400w, https:\/\/vivaescocia.com\/wp-content\/uploads\/2015\/04\/airport-transfers-150x150.jpg 150w, https:\/\/vivaescocia.com\/wp-content\/uploads\/2015\/04\/airport-transfers-300x300.jpg 300w\" sizes=\"auto, (max-width: 150px) 100vw, 150px\" \/>Traslados al aeropuerto<\/strong><\/p>\n<p>Recepci\u00f3n y encuentro de visitantes en los aeropuertos y luego acompa\u00f1arlos en el traslado a su alojamiento es una manera ideal para proporcionar una visi\u00f3n general de una ciudad y de Escocia en general. Podemos eliminar las ansiedades que a menudo produce una partida o llegada a un nuevo destino.<\/p>\n<p>&nbsp;<\/p>\n<p>&nbsp;<\/p>\n<p>&nbsp;<\/p>\n<p>&nbsp;<\/p>\n<p><strong><img loading=\"lazy\" decoding=\"async\" class=\"wp-image-5001 alignleft\" src=\"http:\/\/vivaescocia.com\/wp-content\/uploads\/2015\/04\/tour-escort.jpg\" alt=\"tour escorting\" width=\"150\" height=\"150\" srcset=\"https:\/\/vivaescocia.com\/wp-content\/uploads\/2015\/04\/tour-escort.jpg 400w, https:\/\/vivaescocia.com\/wp-content\/uploads\/2015\/04\/tour-escort-150x150.jpg 150w, https:\/\/vivaescocia.com\/wp-content\/uploads\/2015\/04\/tour-escort-300x300.jpg 300w\" sizes=\"auto, (max-width: 150px) 100vw, 150px\" \/>Acompa\u00f1ante de grupo<\/strong><\/p>\n<p>Calificados como profesional gu\u00edas tur\u00edsticas &#8216;Blue Badge&#8217; en Escocia e Inglaterra, podemos acompa\u00f1ar a grupos m\u00e1s all\u00e1 como acompa\u00f1antes de excursi\u00f3n o administradores. Tenemos una experiencia particular acompa\u00f1ando a los aficionados al deporte en Europa continental. Podemos ayudar a eliminar la tensi\u00f3n de los viajes en grupo y su log\u00edstica en la carretera. Nuestros gu\u00edas son tambi\u00e9n viajeros con mucha experiencia a Sudam\u00e9rica.<\/p>\n<p>&nbsp;<\/p>\n<p>&nbsp;<\/p>\n<p><strong><img loading=\"lazy\" decoding=\"async\" class=\"wp-image-5010 alignleft\" src=\"http:\/\/vivaescocia.com\/wp-content\/uploads\/2015\/04\/guide-training-1.jpg\" alt=\"guide training\" width=\"150\" height=\"150\" srcset=\"https:\/\/vivaescocia.com\/wp-content\/uploads\/2015\/04\/guide-training-1.jpg 350w, https:\/\/vivaescocia.com\/wp-content\/uploads\/2015\/04\/guide-training-1-150x150.jpg 150w, https:\/\/vivaescocia.com\/wp-content\/uploads\/2015\/04\/guide-training-1-300x300.jpg 300w\" sizes=\"auto, (max-width: 150px) 100vw, 150px\" \/>Formaci\u00f3n de gu\u00edas<\/strong><\/p>\n<p>Como entrenadores de gu\u00edas tur\u00edsticos podemos ayudarle a desarrollar habilidades de comunicaci\u00f3n y presentaci\u00f3n dentro de la industria tur\u00edstica y m\u00e1s all\u00e1. Tenemos la experiencia de grupos de formaci\u00f3n en el sector financiero y en el turismo, tanto aqu\u00ed en el Reino Unido, en Europa Continental, Asia y \u00c1frica.<\/p>\n<p>&nbsp;<\/p>\n<p>&nbsp;<\/p>\n<p>&nbsp;<\/p>\n<p><strong><img loading=\"lazy\" decoding=\"async\" class=\" wp-image-5008 alignleft\" src=\"http:\/\/vivaescocia.com\/wp-content\/uploads\/2015\/04\/tourist-guide-training.jpg\" alt=\"tourist guide training consultancy\" width=\"150\" height=\"150\" srcset=\"https:\/\/vivaescocia.com\/wp-content\/uploads\/2015\/04\/tourist-guide-training.jpg 240w, https:\/\/vivaescocia.com\/wp-content\/uploads\/2015\/04\/tourist-guide-training-150x150.jpg 150w\" sizes=\"auto, (max-width: 150px) 100vw, 150px\" \/><\/strong><strong>Asesor\u00eda y consultas de itinerarios<\/strong><\/p>\n<p>Con m\u00e1s de dos d\u00e9cadas de experiencia ayudando y guiando a los visitantes a Escocia, somos expertos en la planificaci\u00f3n de viajes, la log\u00edstica y el asesoramiento requerido. Consulte con nosotros sobre sus planes para hacer la mejor visita posible para sus necesidades.<\/p>\n","protected":false},"excerpt":{"rendered":"<p>\u00a0 Excursiones a Medida Excursiones personalizadas exclusivamente para usted. Con nuestra experiencia y nuestros conocimientos podemos hacer que su visita a Escocia sea \u00fanica. Nuestros tours ser\u00e1n creativos y espec\u00edficos para usted y sus necesidades. Simplemente dinos lo que quieres ver o lograr durante tu estancia y te ayudaremos a realizar tu sue\u00f1o escoc\u00e9s. &nbsp; &nbsp; &nbsp; Caminatas T\u00f3mese el tiempo para ver nuestras ciudades y pueblos a un ritmo m\u00e1s lento. Hacemos recorridos a pie para disfrutar de las vistas en el ocio. Tal vez quiera visitar un solo lugar, un solo sitio &#8211; tambi\u00e9n podemos acompa\u00f1arle e interpretarlo para usted. &nbsp; &nbsp; &nbsp; Excursiones en Autob\u00fas Excursi\u00f3n en autocar para grupos grandes, para visitas en el mismo d\u00eda, o durante varios d\u00edas en diferentes zonas, visitando lugares m\u00e1s lejanos. Estos podr\u00edan incluir grupos escolares, coros, equipos deportivos, grupos de incentivos, conferencias, grupos de bodas, grupos de teatro, equipos de cine, grupos de cruceros\u2026 todos ellos atendidos por nuestros experimentados gu\u00edas. &nbsp; &nbsp; &nbsp; Condugu\u00eda De monta\u00f1as al whisky, desde Shetland a Dumfries, desde campos de golf a Nessie; cual fuera su hobby, inter\u00e9s, o paisaje que usted busque en Escocia o el Reino Unido, estaremos contentos de hacerlo realidad. Con vehiculo de lujo exclusivo podemos hacer sus vacaciones a medida. &nbsp; &nbsp; &nbsp; Interpretaci\u00f3n M\u00e1s all\u00e1 de la interpretaci\u00f3n del patrimonio cultural y natural de Escocia, estamos encantados de guiar a su grupo en cualquier idioma con int\u00e9rpretes. Podemos guiar y explicar en ingl\u00e9s o espa\u00f1ol, y su int\u00e9rprete puede traducirlo al idioma elegido. &nbsp; &nbsp; &nbsp; Traslados al aeropuerto Recepci\u00f3n y encuentro de visitantes en los aeropuertos y luego acompa\u00f1arlos en el traslado a su alojamiento es una manera ideal para proporcionar una visi\u00f3n general de una ciudad y de Escocia en general. Podemos eliminar las ansiedades que a menudo produce una partida o llegada a un nuevo destino. &nbsp; &nbsp; &nbsp; &nbsp; Acompa\u00f1ante de grupo Calificados como profesional gu\u00edas tur\u00edsticas &#8216;Blue Badge&#8217; en Escocia e Inglaterra, podemos acompa\u00f1ar a grupos m\u00e1s all\u00e1 como acompa\u00f1antes de excursi\u00f3n o administradores. Tenemos una experiencia particular acompa\u00f1ando a los aficionados al deporte en Europa continental. Podemos ayudar a eliminar la tensi\u00f3n de los viajes en grupo y su log\u00edstica en la carretera. Nuestros gu\u00edas son tambi\u00e9n viajeros con mucha experiencia a Sudam\u00e9rica. &nbsp; &nbsp; Formaci\u00f3n de gu\u00edas Como entrenadores de gu\u00edas tur\u00edsticos podemos ayudarle a desarrollar habilidades de comunicaci\u00f3n y presentaci\u00f3n dentro de la industria tur\u00edstica y m\u00e1s all\u00e1. Tenemos la experiencia de grupos de formaci\u00f3n en el sector financiero y en el turismo, tanto aqu\u00ed en el Reino Unido, en Europa Continental, Asia y \u00c1frica. &nbsp; &nbsp; &nbsp; Asesor\u00eda y consultas de itinerarios Con m\u00e1s de dos d\u00e9cadas de experiencia ayudando y guiando a los visitantes a Escocia, somos expertos en la planificaci\u00f3n de viajes, la log\u00edstica y el asesoramiento requerido. Consulte con nosotros sobre sus planes para hacer la mejor visita posible para sus necesidades.<\/p>\n","protected":false},"author":1,"featured_media":0,"parent":0,"menu_order":0,"comment_status":"open","ping_status":"open","template":"","meta":{"footnotes":""},"class_list":["post-4870","page","type-page","status-publish","hentry"],"yoast_head":"<!-- This site is optimized with the Yoast SEO plugin v24.0 - https:\/\/yoast.com\/wordpress\/plugins\/seo\/ -->\n<title>Servicios - Viva Escocia - Tours A Medida<\/title>\n<meta name=\"robots\" content=\"index, follow, max-snippet:-1, max-image-preview:large, max-video-preview:-1\" \/>\n<link rel=\"canonical\" href=\"https:\/\/vivaescocia.com\/es\/servicios\/\" \/>\n<meta property=\"og:locale\" content=\"es_ES\" \/>\n<meta property=\"og:type\" content=\"article\" \/>\n<meta property=\"og:title\" content=\"Servicios - Viva Escocia - Tours A Medida\" \/>\n<meta property=\"og:description\" content=\"\u00a0 Excursiones a Medida Excursiones personalizadas exclusivamente para usted. Con nuestra experiencia y nuestros conocimientos podemos hacer que su visita a Escocia sea \u00fanica. Nuestros tours ser\u00e1n creativos y espec\u00edficos para usted y sus necesidades. Simplemente dinos lo que quieres ver o lograr durante tu estancia y te ayudaremos a realizar tu sue\u00f1o escoc\u00e9s. &nbsp; &nbsp; &nbsp; Caminatas T\u00f3mese el tiempo para ver nuestras ciudades y pueblos a un ritmo m\u00e1s lento. Hacemos recorridos a pie para disfrutar de las vistas en el ocio. Tal vez quiera visitar un solo lugar, un solo sitio &#8211; tambi\u00e9n podemos acompa\u00f1arle e interpretarlo para usted. &nbsp; &nbsp; &nbsp; Excursiones en Autob\u00fas Excursi\u00f3n en autocar para grupos grandes, para visitas en el mismo d\u00eda, o durante varios d\u00edas en diferentes zonas, visitando lugares m\u00e1s lejanos. Estos podr\u00edan incluir grupos escolares, coros, equipos deportivos, grupos de incentivos, conferencias, grupos de bodas, grupos de teatro, equipos de cine, grupos de cruceros\u2026 todos ellos atendidos por nuestros experimentados gu\u00edas. &nbsp; &nbsp; &nbsp; Condugu\u00eda De monta\u00f1as al whisky, desde Shetland a Dumfries, desde campos de golf a Nessie; cual fuera su hobby, inter\u00e9s, o paisaje que usted busque en Escocia o el Reino Unido, estaremos contentos de hacerlo realidad. Con vehiculo de lujo exclusivo podemos hacer sus vacaciones a medida. &nbsp; &nbsp; &nbsp; Interpretaci\u00f3n M\u00e1s all\u00e1 de la interpretaci\u00f3n del patrimonio cultural y natural de Escocia, estamos encantados de guiar a su grupo en cualquier idioma con int\u00e9rpretes. Podemos guiar y explicar en ingl\u00e9s o espa\u00f1ol, y su int\u00e9rprete puede traducirlo al idioma elegido. &nbsp; &nbsp; &nbsp; Traslados al aeropuerto Recepci\u00f3n y encuentro de visitantes en los aeropuertos y luego acompa\u00f1arlos en el traslado a su alojamiento es una manera ideal para proporcionar una visi\u00f3n general de una ciudad y de Escocia en general. Podemos eliminar las ansiedades que a menudo produce una partida o llegada a un nuevo destino. &nbsp; &nbsp; &nbsp; &nbsp; Acompa\u00f1ante de grupo Calificados como profesional gu\u00edas tur\u00edsticas &#8216;Blue Badge&#8217; en Escocia e Inglaterra, podemos acompa\u00f1ar a grupos m\u00e1s all\u00e1 como acompa\u00f1antes de excursi\u00f3n o administradores. Tenemos una experiencia particular acompa\u00f1ando a los aficionados al deporte en Europa continental. Podemos ayudar a eliminar la tensi\u00f3n de los viajes en grupo y su log\u00edstica en la carretera. Nuestros gu\u00edas son tambi\u00e9n viajeros con mucha experiencia a Sudam\u00e9rica. &nbsp; &nbsp; Formaci\u00f3n de gu\u00edas Como entrenadores de gu\u00edas tur\u00edsticos podemos ayudarle a desarrollar habilidades de comunicaci\u00f3n y presentaci\u00f3n dentro de la industria tur\u00edstica y m\u00e1s all\u00e1. Tenemos la experiencia de grupos de formaci\u00f3n en el sector financiero y en el turismo, tanto aqu\u00ed en el Reino Unido, en Europa Continental, Asia y \u00c1frica. &nbsp; &nbsp; &nbsp; Asesor\u00eda y consultas de itinerarios Con m\u00e1s de dos d\u00e9cadas de experiencia ayudando y guiando a los visitantes a Escocia, somos expertos en la planificaci\u00f3n de viajes, la log\u00edstica y el asesoramiento requerido. Consulte con nosotros sobre sus planes para hacer la mejor visita posible para sus necesidades.\" \/>\n<meta property=\"og:url\" content=\"https:\/\/vivaescocia.com\/es\/servicios\/\" \/>\n<meta property=\"og:site_name\" content=\"Viva Escocia - Tours A Medida\" \/>\n<meta property=\"article:modified_time\" content=\"2017-04-04T19:55:42+00:00\" \/>\n<meta property=\"og:image\" content=\"https:\/\/vivaescocia.com\/wp-content\/uploads\/2015\/04\/bespoke-tours.jpg\" \/>\n\t<meta property=\"og:image:width\" content=\"400\" \/>\n\t<meta property=\"og:image:height\" content=\"400\" \/>\n\t<meta property=\"og:image:type\" content=\"image\/jpeg\" \/>\n<meta name=\"twitter:card\" content=\"summary_large_image\" \/>\n<meta name=\"twitter:label1\" content=\"Tiempo de lectura\" \/>\n\t<meta name=\"twitter:data1\" content=\"3 minutos\" \/>\n<script type=\"application\/ld+json\" class=\"yoast-schema-graph\">{\"@context\":\"https:\/\/schema.org\",\"@graph\":[{\"@type\":\"WebPage\",\"@id\":\"https:\/\/vivaescocia.com\/es\/servicios\/\",\"url\":\"https:\/\/vivaescocia.com\/es\/servicios\/\",\"name\":\"Servicios - Viva Escocia - Tours A Medida\",\"isPartOf\":{\"@id\":\"https:\/\/vivaescocia.com\/#website\"},\"primaryImageOfPage\":{\"@id\":\"https:\/\/vivaescocia.com\/es\/servicios\/#primaryimage\"},\"image\":{\"@id\":\"https:\/\/vivaescocia.com\/es\/servicios\/#primaryimage\"},\"thumbnailUrl\":\"http:\/\/vivaescocia.com\/wp-content\/uploads\/2015\/04\/bespoke-tours.jpg\",\"datePublished\":\"2015-04-14T01:17:32+00:00\",\"dateModified\":\"2017-04-04T19:55:42+00:00\",\"breadcrumb\":{\"@id\":\"https:\/\/vivaescocia.com\/es\/servicios\/#breadcrumb\"},\"inLanguage\":\"es\",\"potentialAction\":[{\"@type\":\"ReadAction\",\"target\":[\"https:\/\/vivaescocia.com\/es\/servicios\/\"]}]},{\"@type\":\"ImageObject\",\"inLanguage\":\"es\",\"@id\":\"https:\/\/vivaescocia.com\/es\/servicios\/#primaryimage\",\"url\":\"http:\/\/vivaescocia.com\/wp-content\/uploads\/2015\/04\/bespoke-tours.jpg\",\"contentUrl\":\"http:\/\/vivaescocia.com\/wp-content\/uploads\/2015\/04\/bespoke-tours.jpg\"},{\"@type\":\"BreadcrumbList\",\"@id\":\"https:\/\/vivaescocia.com\/es\/servicios\/#breadcrumb\",\"itemListElement\":[{\"@type\":\"ListItem\",\"position\":1,\"name\":\"Home\",\"item\":\"https:\/\/vivaescocia.com\/es\/\"},{\"@type\":\"ListItem\",\"position\":2,\"name\":\"Servicios\"}]},{\"@type\":\"WebSite\",\"@id\":\"https:\/\/vivaescocia.com\/#website\",\"url\":\"https:\/\/vivaescocia.com\/\",\"name\":\"Viva Escocia - Tours A Medida\",\"description\":\"\",\"potentialAction\":[{\"@type\":\"SearchAction\",\"target\":{\"@type\":\"EntryPoint\",\"urlTemplate\":\"https:\/\/vivaescocia.com\/?s={search_term_string}\"},\"query-input\":{\"@type\":\"PropertyValueSpecification\",\"valueRequired\":true,\"valueName\":\"search_term_string\"}}],\"inLanguage\":\"es\"}]}<\/script>\n<!-- \/ Yoast SEO plugin. -->","yoast_head_json":{"title":"Servicios - Viva Escocia - Tours A Medida","robots":{"index":"index","follow":"follow","max-snippet":"max-snippet:-1","max-image-preview":"max-image-preview:large","max-video-preview":"max-video-preview:-1"},"canonical":"https:\/\/vivaescocia.com\/es\/servicios\/","og_locale":"es_ES","og_type":"article","og_title":"Servicios - Viva Escocia - Tours A Medida","og_description":"\u00a0 Excursiones a Medida Excursiones personalizadas exclusivamente para usted. Con nuestra experiencia y nuestros conocimientos podemos hacer que su visita a Escocia sea \u00fanica. Nuestros tours ser\u00e1n creativos y espec\u00edficos para usted y sus necesidades. Simplemente dinos lo que quieres ver o lograr durante tu estancia y te ayudaremos a realizar tu sue\u00f1o escoc\u00e9s. &nbsp; &nbsp; &nbsp; Caminatas T\u00f3mese el tiempo para ver nuestras ciudades y pueblos a un ritmo m\u00e1s lento. Hacemos recorridos a pie para disfrutar de las vistas en el ocio. Tal vez quiera visitar un solo lugar, un solo sitio &#8211; tambi\u00e9n podemos acompa\u00f1arle e interpretarlo para usted. &nbsp; &nbsp; &nbsp; Excursiones en Autob\u00fas Excursi\u00f3n en autocar para grupos grandes, para visitas en el mismo d\u00eda, o durante varios d\u00edas en diferentes zonas, visitando lugares m\u00e1s lejanos. Estos podr\u00edan incluir grupos escolares, coros, equipos deportivos, grupos de incentivos, conferencias, grupos de bodas, grupos de teatro, equipos de cine, grupos de cruceros\u2026 todos ellos atendidos por nuestros experimentados gu\u00edas. &nbsp; &nbsp; &nbsp; Condugu\u00eda De monta\u00f1as al whisky, desde Shetland a Dumfries, desde campos de golf a Nessie; cual fuera su hobby, inter\u00e9s, o paisaje que usted busque en Escocia o el Reino Unido, estaremos contentos de hacerlo realidad. Con vehiculo de lujo exclusivo podemos hacer sus vacaciones a medida. &nbsp; &nbsp; &nbsp; Interpretaci\u00f3n M\u00e1s all\u00e1 de la interpretaci\u00f3n del patrimonio cultural y natural de Escocia, estamos encantados de guiar a su grupo en cualquier idioma con int\u00e9rpretes. Podemos guiar y explicar en ingl\u00e9s o espa\u00f1ol, y su int\u00e9rprete puede traducirlo al idioma elegido. &nbsp; &nbsp; &nbsp; Traslados al aeropuerto Recepci\u00f3n y encuentro de visitantes en los aeropuertos y luego acompa\u00f1arlos en el traslado a su alojamiento es una manera ideal para proporcionar una visi\u00f3n general de una ciudad y de Escocia en general. Podemos eliminar las ansiedades que a menudo produce una partida o llegada a un nuevo destino. &nbsp; &nbsp; &nbsp; &nbsp; Acompa\u00f1ante de grupo Calificados como profesional gu\u00edas tur\u00edsticas &#8216;Blue Badge&#8217; en Escocia e Inglaterra, podemos acompa\u00f1ar a grupos m\u00e1s all\u00e1 como acompa\u00f1antes de excursi\u00f3n o administradores. Tenemos una experiencia particular acompa\u00f1ando a los aficionados al deporte en Europa continental. Podemos ayudar a eliminar la tensi\u00f3n de los viajes en grupo y su log\u00edstica en la carretera. Nuestros gu\u00edas son tambi\u00e9n viajeros con mucha experiencia a Sudam\u00e9rica. &nbsp; &nbsp; Formaci\u00f3n de gu\u00edas Como entrenadores de gu\u00edas tur\u00edsticos podemos ayudarle a desarrollar habilidades de comunicaci\u00f3n y presentaci\u00f3n dentro de la industria tur\u00edstica y m\u00e1s all\u00e1. Tenemos la experiencia de grupos de formaci\u00f3n en el sector financiero y en el turismo, tanto aqu\u00ed en el Reino Unido, en Europa Continental, Asia y \u00c1frica. &nbsp; &nbsp; &nbsp; Asesor\u00eda y consultas de itinerarios Con m\u00e1s de dos d\u00e9cadas de experiencia ayudando y guiando a los visitantes a Escocia, somos expertos en la planificaci\u00f3n de viajes, la log\u00edstica y el asesoramiento requerido. Consulte con nosotros sobre sus planes para hacer la mejor visita posible para sus necesidades.","og_url":"https:\/\/vivaescocia.com\/es\/servicios\/","og_site_name":"Viva Escocia - Tours A Medida","article_modified_time":"2017-04-04T19:55:42+00:00","og_image":[{"width":400,"height":400,"url":"https:\/\/vivaescocia.com\/wp-content\/uploads\/2015\/04\/bespoke-tours.jpg","type":"image\/jpeg"}],"twitter_card":"summary_large_image","twitter_misc":{"Tiempo de lectura":"3 minutos"},"schema":{"@context":"https:\/\/schema.org","@graph":[{"@type":"WebPage","@id":"https:\/\/vivaescocia.com\/es\/servicios\/","url":"https:\/\/vivaescocia.com\/es\/servicios\/","name":"Servicios - Viva Escocia - Tours A Medida","isPartOf":{"@id":"https:\/\/vivaescocia.com\/#website"},"primaryImageOfPage":{"@id":"https:\/\/vivaescocia.com\/es\/servicios\/#primaryimage"},"image":{"@id":"https:\/\/vivaescocia.com\/es\/servicios\/#primaryimage"},"thumbnailUrl":"http:\/\/vivaescocia.com\/wp-content\/uploads\/2015\/04\/bespoke-tours.jpg","datePublished":"2015-04-14T01:17:32+00:00","dateModified":"2017-04-04T19:55:42+00:00","breadcrumb":{"@id":"https:\/\/vivaescocia.com\/es\/servicios\/#breadcrumb"},"inLanguage":"es","potentialAction":[{"@type":"ReadAction","target":["https:\/\/vivaescocia.com\/es\/servicios\/"]}]},{"@type":"ImageObject","inLanguage":"es","@id":"https:\/\/vivaescocia.com\/es\/servicios\/#primaryimage","url":"http:\/\/vivaescocia.com\/wp-content\/uploads\/2015\/04\/bespoke-tours.jpg","contentUrl":"http:\/\/vivaescocia.com\/wp-content\/uploads\/2015\/04\/bespoke-tours.jpg"},{"@type":"BreadcrumbList","@id":"https:\/\/vivaescocia.com\/es\/servicios\/#breadcrumb","itemListElement":[{"@type":"ListItem","position":1,"name":"Home","item":"https:\/\/vivaescocia.com\/es\/"},{"@type":"ListItem","position":2,"name":"Servicios"}]},{"@type":"WebSite","@id":"https:\/\/vivaescocia.com\/#website","url":"https:\/\/vivaescocia.com\/","name":"Viva Escocia - Tours A Medida","description":"","potentialAction":[{"@type":"SearchAction","target":{"@type":"EntryPoint","urlTemplate":"https:\/\/vivaescocia.com\/?s={search_term_string}"},"query-input":{"@type":"PropertyValueSpecification","valueRequired":true,"valueName":"search_term_string"}}],"inLanguage":"es"}]}},"_links":{"self":[{"href":"https:\/\/vivaescocia.com\/es\/wp-json\/wp\/v2\/pages\/4870","targetHints":{"allow":["GET"]}}],"collection":[{"href":"https:\/\/vivaescocia.com\/es\/wp-json\/wp\/v2\/pages"}],"about":[{"href":"https:\/\/vivaescocia.com\/es\/wp-json\/wp\/v2\/types\/page"}],"author":[{"embeddable":true,"href":"https:\/\/vivaescocia.com\/es\/wp-json\/wp\/v2\/users\/1"}],"replies":[{"embeddable":true,"href":"https:\/\/vivaescocia.com\/es\/wp-json\/wp\/v2\/comments?post=4870"}],"version-history":[{"count":18,"href":"https:\/\/vivaescocia.com\/es\/wp-json\/wp\/v2\/pages\/4870\/revisions"}],"predecessor-version":[{"id":5821,"href":"https:\/\/vivaescocia.com\/es\/wp-json\/wp\/v2\/pages\/4870\/revisions\/5821"}],"wp:attachment":[{"href":"https:\/\/vivaescocia.com\/es\/wp-json\/wp\/v2\/media?parent=4870"}],"curies":[{"name":"wp","href":"https:\/\/api.w.org\/{rel}","templated":true}]}}