{"id":5088,"date":"2012-01-03T18:15:53","date_gmt":"2012-01-03T18:15:53","guid":{"rendered":"http:\/\/vivaescocia.com\/es\/contact\/"},"modified":"2017-04-04T20:56:37","modified_gmt":"2017-04-04T20:56:37","slug":"contacto","status":"publish","type":"page","link":"https:\/\/vivaescocia.com\/es\/contacto\/","title":{"rendered":"Contacto"},"content":{"rendered":"<p><strong><div class=\"magee-shortcode magee-promo-box  promo_box-6eqxpl boxed\" id=\"\">\r\n                                        <div class=\"promo-info\">\r\n                                            <\/strong><\/p>\n<h1><strong>Contactos y Reservas<\/strong><\/h1>\n<p>\r\n                                        <\/div>\t\t\t\t\t\t\t\t\r\n                                        <div class=\"promo-action promo-action-9iqn1y\">\r\n                                            <a href=\"#\" class=\"btn-normal btn-lg\"><\/a>\r\n                                        <\/div>\r\n                                    <\/div><\/p>\n<p>&nbsp;<\/p>\n<h4><strong><div class=\"magee-shortcode alert magee-alert  alert-9hkq6b \" role=\"alert\" id= \"\"><i class=\"fa fa-info-circle\"><\/i>Pong\u00e1se en contacto con nosotros individualmente, o env\u00edenos una consulta utilizando el formulario de contacto a continuaci\u00f3n.<\/div><\/strong><\/h4>\n","protected":false},"excerpt":{"rendered":"<p>&nbsp;<\/p>\n","protected":false},"author":1,"featured_media":0,"parent":0,"menu_order":0,"comment_status":"open","ping_status":"open","template":"","meta":{"footnotes":""},"class_list":["post-5088","page","type-page","status-publish","hentry"],"yoast_head":"<!-- This site is optimized with the Yoast SEO plugin v24.0 - https:\/\/yoast.com\/wordpress\/plugins\/seo\/ -->\n<title>Contacto | Viva Escocia - Tours A Medida<\/title>\n<meta name=\"description\" content=\"Pong\u00e1se en contacto con nosotros individualmente, o env\u00edenos una consulta utilizando el formulario de contacto a continuaci\u00f3n.\" \/>\n<meta name=\"robots\" content=\"index, follow, max-snippet:-1, max-image-preview:large, max-video-preview:-1\" \/>\n<link rel=\"canonical\" href=\"https:\/\/vivaescocia.com\/es\/contacto\/\" \/>\n<meta property=\"og:locale\" content=\"es_ES\" \/>\n<meta property=\"og:type\" content=\"article\" \/>\n<meta property=\"og:title\" content=\"Contacto | Viva Escocia - Tours A Medida\" \/>\n<meta property=\"og:description\" content=\"Pong\u00e1se en contacto con nosotros individualmente, o env\u00edenos una consulta utilizando el formulario de contacto a continuaci\u00f3n.\" \/>\n<meta property=\"og:url\" content=\"https:\/\/vivaescocia.com\/es\/contacto\/\" \/>\n<meta property=\"og:site_name\" content=\"Viva Escocia - Tours A Medida\" \/>\n<meta property=\"article:modified_time\" content=\"2017-04-04T20:56:37+00:00\" \/>\n<meta name=\"twitter:card\" content=\"summary_large_image\" \/>\n<script type=\"application\/ld+json\" class=\"yoast-schema-graph\">{\"@context\":\"https:\/\/schema.org\",\"@graph\":[{\"@type\":\"WebPage\",\"@id\":\"https:\/\/vivaescocia.com\/es\/contacto\/\",\"url\":\"https:\/\/vivaescocia.com\/es\/contacto\/\",\"name\":\"Contacto | Viva Escocia - Tours A Medida\",\"isPartOf\":{\"@id\":\"https:\/\/vivaescocia.com\/#website\"},\"datePublished\":\"2012-01-03T18:15:53+00:00\",\"dateModified\":\"2017-04-04T20:56:37+00:00\",\"description\":\"Pong\u00e1se en contacto con nosotros individualmente, o env\u00edenos una consulta utilizando el formulario de contacto a continuaci\u00f3n.\",\"breadcrumb\":{\"@id\":\"https:\/\/vivaescocia.com\/es\/contacto\/#breadcrumb\"},\"inLanguage\":\"es\",\"potentialAction\":[{\"@type\":\"ReadAction\",\"target\":[\"https:\/\/vivaescocia.com\/es\/contacto\/\"]}]},{\"@type\":\"BreadcrumbList\",\"@id\":\"https:\/\/vivaescocia.com\/es\/contacto\/#breadcrumb\",\"itemListElement\":[{\"@type\":\"ListItem\",\"position\":1,\"name\":\"Home\",\"item\":\"https:\/\/vivaescocia.com\/es\/\"},{\"@type\":\"ListItem\",\"position\":2,\"name\":\"Contacto\"}]},{\"@type\":\"WebSite\",\"@id\":\"https:\/\/vivaescocia.com\/#website\",\"url\":\"https:\/\/vivaescocia.com\/\",\"name\":\"Viva Escocia - Tours A Medida\",\"description\":\"\",\"potentialAction\":[{\"@type\":\"SearchAction\",\"target\":{\"@type\":\"EntryPoint\",\"urlTemplate\":\"https:\/\/vivaescocia.com\/?s={search_term_string}\"},\"query-input\":{\"@type\":\"PropertyValueSpecification\",\"valueRequired\":true,\"valueName\":\"search_term_string\"}}],\"inLanguage\":\"es\"}]}<\/script>\n<!-- \/ Yoast SEO plugin. -->","yoast_head_json":{"title":"Contacto | Viva Escocia - Tours A Medida","description":"Pong\u00e1se en contacto con nosotros individualmente, o env\u00edenos una consulta utilizando el formulario de contacto a continuaci\u00f3n.","robots":{"index":"index","follow":"follow","max-snippet":"max-snippet:-1","max-image-preview":"max-image-preview:large","max-video-preview":"max-video-preview:-1"},"canonical":"https:\/\/vivaescocia.com\/es\/contacto\/","og_locale":"es_ES","og_type":"article","og_title":"Contacto | Viva Escocia - Tours A Medida","og_description":"Pong\u00e1se en contacto con nosotros individualmente, o env\u00edenos una consulta utilizando el formulario de contacto a continuaci\u00f3n.","og_url":"https:\/\/vivaescocia.com\/es\/contacto\/","og_site_name":"Viva Escocia - Tours A Medida","article_modified_time":"2017-04-04T20:56:37+00:00","twitter_card":"summary_large_image","schema":{"@context":"https:\/\/schema.org","@graph":[{"@type":"WebPage","@id":"https:\/\/vivaescocia.com\/es\/contacto\/","url":"https:\/\/vivaescocia.com\/es\/contacto\/","name":"Contacto | Viva Escocia - Tours A Medida","isPartOf":{"@id":"https:\/\/vivaescocia.com\/#website"},"datePublished":"2012-01-03T18:15:53+00:00","dateModified":"2017-04-04T20:56:37+00:00","description":"Pong\u00e1se en contacto con nosotros individualmente, o env\u00edenos una consulta utilizando el formulario de contacto a continuaci\u00f3n.","breadcrumb":{"@id":"https:\/\/vivaescocia.com\/es\/contacto\/#breadcrumb"},"inLanguage":"es","potentialAction":[{"@type":"ReadAction","target":["https:\/\/vivaescocia.com\/es\/contacto\/"]}]},{"@type":"BreadcrumbList","@id":"https:\/\/vivaescocia.com\/es\/contacto\/#breadcrumb","itemListElement":[{"@type":"ListItem","position":1,"name":"Home","item":"https:\/\/vivaescocia.com\/es\/"},{"@type":"ListItem","position":2,"name":"Contacto"}]},{"@type":"WebSite","@id":"https:\/\/vivaescocia.com\/#website","url":"https:\/\/vivaescocia.com\/","name":"Viva Escocia - Tours A Medida","description":"","potentialAction":[{"@type":"SearchAction","target":{"@type":"EntryPoint","urlTemplate":"https:\/\/vivaescocia.com\/?s={search_term_string}"},"query-input":{"@type":"PropertyValueSpecification","valueRequired":true,"valueName":"search_term_string"}}],"inLanguage":"es"}]}},"_links":{"self":[{"href":"https:\/\/vivaescocia.com\/es\/wp-json\/wp\/v2\/pages\/5088","targetHints":{"allow":["GET"]}}],"collection":[{"href":"https:\/\/vivaescocia.com\/es\/wp-json\/wp\/v2\/pages"}],"about":[{"href":"https:\/\/vivaescocia.com\/es\/wp-json\/wp\/v2\/types\/page"}],"author":[{"embeddable":true,"href":"https:\/\/vivaescocia.com\/es\/wp-json\/wp\/v2\/users\/1"}],"replies":[{"embeddable":true,"href":"https:\/\/vivaescocia.com\/es\/wp-json\/wp\/v2\/comments?post=5088"}],"version-history":[{"count":29,"href":"https:\/\/vivaescocia.com\/es\/wp-json\/wp\/v2\/pages\/5088\/revisions"}],"predecessor-version":[{"id":5872,"href":"https:\/\/vivaescocia.com\/es\/wp-json\/wp\/v2\/pages\/5088\/revisions\/5872"}],"wp:attachment":[{"href":"https:\/\/vivaescocia.com\/es\/wp-json\/wp\/v2\/media?parent=5088"}],"curies":[{"name":"wp","href":"https:\/\/api.w.org\/{rel}","templated":true}]}}